{"id":1533,"date":"2023-10-06T08:46:11","date_gmt":"2023-10-06T08:46:11","guid":{"rendered":"https:\/\/maxxing.prod.libeo.fr\/politique-de-confidentialite\/"},"modified":"2024-06-17T13:48:01","modified_gmt":"2024-06-17T13:48:01","slug":"politique-de-confidentialite","status":"publish","type":"page","link":"https:\/\/maxxing.com\/es\/politique-de-confidentialite\/","title":{"rendered":"POL\u00cdTICA DE PRIVACIDAD"},"content":{"rendered":"\n<p>MAXXING se preocupa por la protecci\u00f3n de su privacidad y se compromete a garantizar el m\u00e1ximo nivel de protecci\u00f3n de sus datos personales.<\/p>\n\n\n\n<p><br>El objetivo de esta secci\u00f3n es explicar el tratamiento de datos personales realizado en relaci\u00f3n con el uso de nuestros servicios.<\/p>\n\n\n\n<p>MAXXING, en su calidad de Responsable del Tratamiento, se compromete a cumplir las disposiciones de la Ley n.\u00ba 78-17, de 6 de enero de 1978, modificada, relativa a la inform\u00e1tica, a los ficheros y a las libertades en materia de tratamiento automatizado de datos de car\u00e1cter personal, as\u00ed como el Reglamento (UE) n.\u00ba 2016\/679, de 27 de abril de 2016, a partir de su aplicaci\u00f3n el 25 de mayo de 2018.<\/p>\n\n\n\n<p><br>En los formularios de recogida de datos personales del sitio web www.maxxing.com se informa al Usuario de: la identidad del responsable del tratamiento, los derechos que le asisten en relaci\u00f3n con los datos personales, los destinatarios de los datos, la finalidad del tratamiento de los datos y el car\u00e1cter obligatorio o facultativo de las respuestas.<\/p>\n\n\n\n<h2 class=\"wp-block-heading\">\u00bfQUI\u00c9N RECOPILA LOS DATOS PERSONALES?<\/h2>\n\n\n\n<p>La persona responsable del tratamiento realizado en el sitio web www.maxxing.com:<br>MAXXING, sociedad por acciones simplificada con un capital de 2.000.000 de euros, inscrita en el Registro Mercantil y de Sociedades de Lille-M\u00e9tropole con el n\u00famero 381 813 880, con domicilio social en 344 avenue de la Marne -59700 Marcq-en-Bar\u0153ul.<\/p>\n\n\n\n<h2 class=\"wp-block-heading\">\u00bfCU\u00c1LES SON LOS FINES DE LA RECOGIDA DE SUS DATOS PERSONALES?<\/h2>\n\n\n\n<p>MAXXING recoge y registra los datos personales de sus Usuarios, tales como apellidos, nombres y direcciones de correo electr\u00f3nico, con la finalidad de llevar a cabo los siguientes procesos:<\/p>\n\n\n\n<ul class=\"wp-block-list\">\n<li>  Env\u00edo de ofertas comerciales espec\u00edficas por correo electr\u00f3nico, notificaciones m\u00f3viles, redes sociales o cualquier otro medio.<\/li>\n\n\n\n<li>Medici\u00f3n de las visitas in situ<\/li>\n\n\n\n<li>Organizar concursos y campa\u00f1as publicitarias<\/li>\n\n\n\n<li>Compartir informaci\u00f3n con socios comerciales<\/li>\n<\/ul>\n\n\n\n<p><br>A excepci\u00f3n de las operaciones de prospecci\u00f3n comercial, MAXXING considera que todas las operaciones de tratamiento mencionadas son necesarias para la ejecuci\u00f3n del contrato celebrado entre un Cliente y MAXXING.<\/p>\n\n\n\n<p><br>Las operaciones de prospecci\u00f3n comercial se basan en el consentimiento del interesado al tratamiento de sus datos. El interesado podr\u00e1 retirar su consentimiento enviando una solicitud por correo electr\u00f3nico a DPO_Officer@maxxing.com.<\/p>\n\n\n\n<h2 class=\"wp-block-heading\">\u00bfA QUI\u00c9N SE TRANSMITEN SUS DATOS?<\/h2>\n\n\n\n<ul class=\"wp-block-list\">\n<li>Sus datos se transmiten a los socios de MAXXING que pueden procesar los datos en su nombre (estos son<\/li>\n\n\n\n<li>destinatarios) o \u00fanicamente en nombre y de acuerdo con las instrucciones de MAXXING (se trata de subcontratistas).<\/li>\n\n\n\n<li>Los destinatarios de los datos son :<\/li>\n\n\n\n<li>Vendedores del mercado<\/li>\n\n\n\n<li>Las autoridades policiales en el marco de requisitorias judiciales relativas a la lucha contra el fraude<\/li>\n\n\n\n<li>MAXXING tambi\u00e9n recurre a subcontratistas para las siguientes operaciones:<\/li>\n\n\n\n<li>Mantenimiento t\u00e9cnico y desarrollo del sitio web<\/li>\n<\/ul>\n\n\n\n<h2 class=\"wp-block-heading\">\u00bfCU\u00c1LES SON MIS DERECHOS Y C\u00d3MO PUEDO EJERCERLOS CON MAXXING?<\/h2>\n\n\n\n<p>Toda persona que utilice el servicio puede ejercer su derecho de acceso, rectificaci\u00f3n, oposici\u00f3n y supresi\u00f3n del tratamiento de sus datos, de conformidad con los art\u00edculos 38 a 40 de la ley de 6 de enero de 1978. De conformidad con el Reglamento 2016\/679, de 27 de abril de 2016, las personas f\u00edsicas podr\u00e1n ejercer su derecho a la limitaci\u00f3n del tratamiento, a la supresi\u00f3n de sus datos y a la portabilidad a partir del 25 de mayo de 2018.<\/p>\n\n\n\n<p><br>Estos derechos pueden ejercerse poni\u00e9ndose en contacto con MAXXING, que recopil\u00f3 los datos personales, de la siguiente manera:<\/p>\n\n\n\n<p><br>Por correo, escribi\u00e9ndonos a la siguiente direcci\u00f3n<br>MAXXING &#8211; Service Relations Clients &#8211; 344 avenue de la Marne &#8211; Site Groupe HOLDER &#8211; B\u00e2timent C &#8211; 59700 MARCQEN-BAROEUL, indicando sus apellidos, nombre, direcci\u00f3n, correo electr\u00f3nico y adjuntando una copia de su documento de identidad.<\/p>\n\n\n\n<p>Electr\u00f3nicamente, enviando un correo electr\u00f3nico a: dpo_officer@maxxing.com.<\/p>\n\n\n\n<p><br>MAXXING responder\u00e1 en un plazo de 30 d\u00edas a partir del ejercicio de este derecho.<\/p>\n\n\n\n<h2 class=\"wp-block-heading\">\u00bfQU\u00c9 OCURRE CON MIS DATOS TRAS MI FALLECIMIENTO?<\/h2>\n\n\n\n<p>Los usuarios pueden formular instrucciones relativas a la conservaci\u00f3n, supresi\u00f3n y comunicaci\u00f3n de sus datos personales tras su fallecimiento, de conformidad con el art\u00edculo 40-1 de la ley 78-17 de 6 de enero de 1978. Estas directrices pueden ser generales o espec\u00edficas.<\/p>\n\n\n\n<p>El Usuario puede formular sus voluntades anticipadas enviando un correo electr\u00f3nico a: dpo_officer@maxxing.com.<\/p>\n\n\n\n<h2 class=\"wp-block-heading\">\u00bfCU\u00c1NTO TIEMPO SE CONSERVAR\u00c1N MIS DATOS?<\/h2>\n\n\n\n<p>MAXXING ha establecido normas precisas relativas a la duraci\u00f3n de la conservaci\u00f3n de los datos personales de los Usuarios.<\/p>\n\n\n\n<p><br>Para calcular el periodo de conservaci\u00f3n m\u00e1s adecuado, MAXXING distingue entre clientes potenciales que nunca han realizado una compra a MAXXING y clientes que ya han realizado una compra.<\/p>\n\n\n\n<p><br>Se aplicar\u00e1 un periodo de conservaci\u00f3n distinto a los clientes potenciales y a los clientes.<\/p>\n\n\n\n<p><br>En el caso de los clientes potenciales, el punto de partida del periodo de conservaci\u00f3n es el \u00faltimo mailing de prospecci\u00f3n en el que el cliente potencial pueda estar interesado. Los datos de los prospectos se conservar\u00e1n durante 2 a\u00f1os a partir de este punto de partida.<\/p>\n\n\n\n<p><br>En el caso de los clientes, el punto de partida del periodo de conservaci\u00f3n es la \u00faltima compra del cliente a MAXXING. Los datos de los clientes se conservar\u00e1n durante 3 a\u00f1os a partir de ese momento.<\/p>\n\n\n\n<h2 class=\"wp-block-heading\">\u00bfQU\u00c9 MEDIDAS DE SEGURIDAD SE TOMAN PARA PROTEGER MIS DATOS?<\/h2>\n\n\n\n<h3 class=\"wp-block-heading\">Normas generales<\/h3>\n\n\n\n<p>En su calidad de responsable del tratamiento, MAXXING toma todas las precauciones necesarias para garantizar la seguridad y confidencialidad de los datos y, en particular, para evitar que terceros no autorizados los distorsionen, da\u00f1en o accedan a ellos.<\/p>\n\n\n\n<p>De conformidad con el art\u00edculo 35 de la ley 78-17 de 6 de enero de 1978 y el reglamento europeo RGPD, los subcontratistas se comprometen a respetar la seguridad y confidencialidad de los datos.<\/p>\n\n\n\n<h2 class=\"wp-block-heading\">\u00bfRECIBIR\u00c9 OFERTAS COMERCIALES?<\/h2>\n\n\n\n<h3 class=\"wp-block-heading\"><br>Principios aplicables al MAXXING<\/h3>\n\n\n\n<p><br>MAXXING utiliza sus datos para enviarle propuestas comerciales espec\u00edficas, en particular por correo electr\u00f3nico o tel\u00e9fono.<\/p>\n\n\n\n<p id=\"cookies_title\"><br>En este contexto, MAXXING se compromete a cumplir las normas aplicables a cada canal de prospecci\u00f3n.<\/p>\n\n\n\n<h2 class=\"wp-block-heading\"><br>\u00bfUTILIZA MAXXING COOKIES, ETIQUETAS Y RASTREADORES?<\/h2>\n\n\n\n<p><br>Cuando utiliza nuestro Servicio, la informaci\u00f3n relativa a la navegaci\u00f3n de su terminal (ordenador, tableta, smartphone, etc.) puede quedar registrada en archivos &#8220;cookie&#8221; colocados en su terminal, a reserva de las elecciones que haya hecho en materia de cookies y que podr\u00e1 modificar en cualquier momento.<\/p>\n\n\n\n<h2 class=\"wp-block-heading\">\u00bfQU\u00c9 ES UNA GALLETA?<\/h2>\n\n\n\n<p><br>El t\u00e9rmino &#8220;cookie&#8221; engloba una serie de tecnolog\u00edas utilizadas para rastrear el comportamiento de navegaci\u00f3n o analizar el comportamiento de los usuarios de la web. Estas tecnolog\u00edas son numerosas y est\u00e1n en constante evoluci\u00f3n. Entre ellos se incluyen cookies, etiquetas, p\u00edxeles y c\u00f3digo Javascript.<\/p>\n\n\n\n<p><br>La cookie http, que es actualmente la tecnolog\u00eda m\u00e1s utilizada, es un peque\u00f1o archivo de texto guardado por el navegador en su ordenador, tableta o smartphone, que se utiliza para almacenar datos del usuario con el fin de facilitar la navegaci\u00f3n y permitir ciertas funciones.<\/p>\n\n\n\n<h2 class=\"wp-block-heading\"><br>\u00bfPOR QU\u00c9 SE UTILIZAN COOKIES, ETIQUETAS Y RASTREADORES?<\/h2>\n\n\n\n<p><br>Las Cookies que MAXXING emite en el sitio web y la aplicaci\u00f3n m\u00f3vil nos permiten:<\/p>\n\n\n\n<ul class=\"wp-block-list\">\n<li>elaborar estad\u00edsticas y vol\u00famenes de visitas y utilizaci\u00f3n de los distintos elementos que componen nuestros servicios. A<br>Para ello utilizamos cookies de medici\u00f3n de audiencia.<\/li>\n\n\n\n<li>adaptar la presentaci\u00f3n de nuestro Sitio en funci\u00f3n del terminal utilizado.<\/li>\n<\/ul>\n\n\n\n<h2 class=\"wp-block-heading\">\u00bfC\u00d3MO CONFIGURO EL USO DE COOKIES, ETIQUETAS Y RASTREADORES?<\/h2>\n\n\n\n<p><br>De conformidad con el art\u00edculo 32II de la Ley francesa de Protecci\u00f3n de Datos 78-17, MAXXING obtiene su consentimiento previo para el uso de cookies con fines publicitarios, de medici\u00f3n de audiencia y de uso compartido con redes sociales.<\/p>\n\n\n\n<p><br>Usted puede elegir en cualquier momento expresar y modificar sus deseos con respecto a las cookies, por los medios que se describen a continuaci\u00f3n.<\/p>\n\n\n\n<h3 class=\"wp-block-heading\"><br>Configuraci\u00f3n de los par\u00e1metros del navegador<\/h3>\n\n\n\n<p><br>Puede configurar su programa de navegaci\u00f3n para que las cookies se almacenen en su terminal o, por el contrario, para que sean rechazadas, ya sea sistem\u00e1ticamente o en funci\u00f3n del remitente. Tambi\u00e9n puede configurar su navegador para que se le pida que acepte o rechace las cookies de vez en cuando, antes de que se almacene una cookie en su terminal.<\/p>\n\n\n\n<h3 class=\"wp-block-heading\"><br>Lista de exclusi\u00f3n para gestionar la colocaci\u00f3n de cookies<\/h3>\n\n\n\n<p><br>Tambi\u00e9n puede negarse a aceptar cookies accediendo a la p\u00e1gina<br>internet http:\/\/www.youronlinechoices.com\/fr\/controler-ses-cookies\/.<\/p>\n\n\n\n<h2 class=\"wp-block-heading\"><br>\u00bfQU\u00c9 ES EL DELEGADO DE PROTECCI\u00d3N DE DATOS DE MAXXING?<br>\u00bfCU\u00c1LES SON SUS MISIONES?<\/h2>\n\n\n\n<p><br>El Delegado de Protecci\u00f3n de Datos designado en MAXXING es responsable de garantizar el cumplimiento de los reglamentos y normas descritos en el presente documento.<\/p>\n\n\n\n<p><br>En particular, elabora un registro de las operaciones de tratamiento de datos personales efectuadas en la empresa y vela por que se ajusten a la normativa y a sus posibles modificaciones.<\/p>\n\n\n\n<p>Sensibiliza a los equipos y responde a los usuarios que desean ejercer sus derechos en relaci\u00f3n con los datos personales recogidos por MAXXING.<\/p>\n\n\n\n<h2 class=\"wp-block-heading\"><br>\u00bfC\u00d3MO PUEDO PONERME EN CONTACTO CON EL DELEGADO DE PROTECCI\u00d3N DE DATOS?<\/h2>\n\n\n\n<p><br>Puede ponerse en contacto con el responsable de la protecci\u00f3n de datos en la siguiente direcci\u00f3n de correo electr\u00f3nico:<br>DPO_Officer@maxxing.com<\/p>\n\n\n\n<p><br>Para saber m\u00e1s sobre sus derechos, visite la p\u00e1gina web de la CNIL: www.cnil.fr\/fr\/comprendre-vos-droits.<\/p>\n","protected":false},"excerpt":{"rendered":"<p>MAXXING se preocupa por la protecci\u00f3n de su privacidad y se compromete a garantizar el m\u00e1ximo nivel de protecci\u00f3n de sus datos personales. El objetivo de esta secci\u00f3n es explicar el tratamiento de datos personales realizado en relaci\u00f3n con el uso de nuestros servicios. MAXXING, en su calidad de Responsable del Tratamiento, se compromete a [&hellip;]<\/p>\n","protected":false},"author":1,"featured_media":0,"parent":0,"menu_order":0,"comment_status":"closed","ping_status":"closed","template":"page-politique.php","meta":{"_acf_changed":false,"footnotes":""},"class_list":["post-1533","page","type-page","status-publish","hentry"],"acf":[],"yoast_head":"<!-- This site is optimized with the Yoast SEO plugin v27.4 - https:\/\/yoast.com\/product\/yoast-seo-wordpress\/ -->\n<title>POL\u00cdTICA DE PRIVACIDAD - Maxxing<\/title>\n<meta name=\"robots\" content=\"index, follow, max-snippet:-1, max-image-preview:large, max-video-preview:-1\" \/>\n<link rel=\"canonical\" href=\"https:\/\/maxxing.com\/es\/politique-de-confidentialite\/\" \/>\n<meta property=\"og:locale\" content=\"es_ES\" \/>\n<meta property=\"og:type\" content=\"article\" \/>\n<meta property=\"og:title\" content=\"POL\u00cdTICA DE PRIVACIDAD - Maxxing\" \/>\n<meta property=\"og:description\" content=\"MAXXING se preocupa por la protecci\u00f3n de su privacidad y se compromete a garantizar el m\u00e1ximo nivel de protecci\u00f3n de sus datos personales. El objetivo de esta secci\u00f3n es explicar el tratamiento de datos personales realizado en relaci\u00f3n con el uso de nuestros servicios. MAXXING, en su calidad de Responsable del Tratamiento, se compromete a [&hellip;]\" \/>\n<meta property=\"og:url\" content=\"https:\/\/maxxing.com\/es\/politique-de-confidentialite\/\" \/>\n<meta property=\"og:site_name\" content=\"Maxxing\" \/>\n<meta property=\"article:modified_time\" content=\"2024-06-17T13:48:01+00:00\" \/>\n<meta name=\"twitter:card\" content=\"summary_large_image\" \/>\n<meta name=\"twitter:label1\" content=\"Est. reading time\" \/>\n\t<meta name=\"twitter:data1\" content=\"8 minutes\" \/>\n<script type=\"application\/ld+json\" class=\"yoast-schema-graph\">{\"@context\":\"https:\\\/\\\/schema.org\",\"@graph\":[{\"@type\":\"WebPage\",\"@id\":\"https:\\\/\\\/maxxing.com\\\/es\\\/politique-de-confidentialite\\\/\",\"url\":\"https:\\\/\\\/maxxing.com\\\/es\\\/politique-de-confidentialite\\\/\",\"name\":\"POL\u00cdTICA DE PRIVACIDAD - Maxxing\",\"isPartOf\":{\"@id\":\"https:\\\/\\\/maxxing.com\\\/es\\\/#website\"},\"datePublished\":\"2023-10-06T08:46:11+00:00\",\"dateModified\":\"2024-06-17T13:48:01+00:00\",\"breadcrumb\":{\"@id\":\"https:\\\/\\\/maxxing.com\\\/es\\\/politique-de-confidentialite\\\/#breadcrumb\"},\"inLanguage\":\"es-ES\",\"potentialAction\":[{\"@type\":\"ReadAction\",\"target\":[\"https:\\\/\\\/maxxing.com\\\/es\\\/politique-de-confidentialite\\\/\"]}]},{\"@type\":\"BreadcrumbList\",\"@id\":\"https:\\\/\\\/maxxing.com\\\/es\\\/politique-de-confidentialite\\\/#breadcrumb\",\"itemListElement\":[{\"@type\":\"ListItem\",\"position\":1,\"name\":\"Inicio\",\"item\":\"https:\\\/\\\/maxxing.com\\\/es\\\/\"},{\"@type\":\"ListItem\",\"position\":2,\"name\":\"POL\u00cdTICA DE PRIVACIDAD\"}]},{\"@type\":\"WebSite\",\"@id\":\"https:\\\/\\\/maxxing.com\\\/es\\\/#website\",\"url\":\"https:\\\/\\\/maxxing.com\\\/es\\\/\",\"name\":\"Maxxing\",\"description\":\"\",\"publisher\":{\"@id\":\"https:\\\/\\\/maxxing.com\\\/es\\\/#organization\"},\"potentialAction\":[{\"@type\":\"SearchAction\",\"target\":{\"@type\":\"EntryPoint\",\"urlTemplate\":\"https:\\\/\\\/maxxing.com\\\/es\\\/?s={search_term_string}\"},\"query-input\":{\"@type\":\"PropertyValueSpecification\",\"valueRequired\":true,\"valueName\":\"search_term_string\"}}],\"inLanguage\":\"es-ES\"},{\"@type\":\"Organization\",\"@id\":\"https:\\\/\\\/maxxing.com\\\/es\\\/#organization\",\"name\":\"Maxxing\",\"url\":\"https:\\\/\\\/maxxing.com\\\/es\\\/\",\"logo\":{\"@type\":\"ImageObject\",\"inLanguage\":\"es-ES\",\"@id\":\"https:\\\/\\\/maxxing.com\\\/es\\\/#\\\/schema\\\/logo\\\/image\\\/\",\"url\":\"https:\\\/\\\/maxxing.com\\\/app\\\/uploads\\\/2023\\\/10\\\/Logo_Maxxing-1.svg\",\"contentUrl\":\"https:\\\/\\\/maxxing.com\\\/app\\\/uploads\\\/2023\\\/10\\\/Logo_Maxxing-1.svg\",\"caption\":\"Maxxing\"},\"image\":{\"@id\":\"https:\\\/\\\/maxxing.com\\\/es\\\/#\\\/schema\\\/logo\\\/image\\\/\"}}]}<\/script>\n<!-- \/ Yoast SEO plugin. -->","yoast_head_json":{"title":"POL\u00cdTICA DE PRIVACIDAD - Maxxing","robots":{"index":"index","follow":"follow","max-snippet":"max-snippet:-1","max-image-preview":"max-image-preview:large","max-video-preview":"max-video-preview:-1"},"canonical":"https:\/\/maxxing.com\/es\/politique-de-confidentialite\/","og_locale":"es_ES","og_type":"article","og_title":"POL\u00cdTICA DE PRIVACIDAD - Maxxing","og_description":"MAXXING se preocupa por la protecci\u00f3n de su privacidad y se compromete a garantizar el m\u00e1ximo nivel de protecci\u00f3n de sus datos personales. El objetivo de esta secci\u00f3n es explicar el tratamiento de datos personales realizado en relaci\u00f3n con el uso de nuestros servicios. MAXXING, en su calidad de Responsable del Tratamiento, se compromete a [&hellip;]","og_url":"https:\/\/maxxing.com\/es\/politique-de-confidentialite\/","og_site_name":"Maxxing","article_modified_time":"2024-06-17T13:48:01+00:00","twitter_card":"summary_large_image","twitter_misc":{"Est. reading time":"8 minutes"},"schema":{"@context":"https:\/\/schema.org","@graph":[{"@type":"WebPage","@id":"https:\/\/maxxing.com\/es\/politique-de-confidentialite\/","url":"https:\/\/maxxing.com\/es\/politique-de-confidentialite\/","name":"POL\u00cdTICA DE PRIVACIDAD - Maxxing","isPartOf":{"@id":"https:\/\/maxxing.com\/es\/#website"},"datePublished":"2023-10-06T08:46:11+00:00","dateModified":"2024-06-17T13:48:01+00:00","breadcrumb":{"@id":"https:\/\/maxxing.com\/es\/politique-de-confidentialite\/#breadcrumb"},"inLanguage":"es-ES","potentialAction":[{"@type":"ReadAction","target":["https:\/\/maxxing.com\/es\/politique-de-confidentialite\/"]}]},{"@type":"BreadcrumbList","@id":"https:\/\/maxxing.com\/es\/politique-de-confidentialite\/#breadcrumb","itemListElement":[{"@type":"ListItem","position":1,"name":"Inicio","item":"https:\/\/maxxing.com\/es\/"},{"@type":"ListItem","position":2,"name":"POL\u00cdTICA DE PRIVACIDAD"}]},{"@type":"WebSite","@id":"https:\/\/maxxing.com\/es\/#website","url":"https:\/\/maxxing.com\/es\/","name":"Maxxing","description":"","publisher":{"@id":"https:\/\/maxxing.com\/es\/#organization"},"potentialAction":[{"@type":"SearchAction","target":{"@type":"EntryPoint","urlTemplate":"https:\/\/maxxing.com\/es\/?s={search_term_string}"},"query-input":{"@type":"PropertyValueSpecification","valueRequired":true,"valueName":"search_term_string"}}],"inLanguage":"es-ES"},{"@type":"Organization","@id":"https:\/\/maxxing.com\/es\/#organization","name":"Maxxing","url":"https:\/\/maxxing.com\/es\/","logo":{"@type":"ImageObject","inLanguage":"es-ES","@id":"https:\/\/maxxing.com\/es\/#\/schema\/logo\/image\/","url":"https:\/\/maxxing.com\/app\/uploads\/2023\/10\/Logo_Maxxing-1.svg","contentUrl":"https:\/\/maxxing.com\/app\/uploads\/2023\/10\/Logo_Maxxing-1.svg","caption":"Maxxing"},"image":{"@id":"https:\/\/maxxing.com\/es\/#\/schema\/logo\/image\/"}}]}},"_links":{"self":[{"href":"https:\/\/maxxing.com\/es\/wp-json\/wp\/v2\/pages\/1533","targetHints":{"allow":["GET"]}}],"collection":[{"href":"https:\/\/maxxing.com\/es\/wp-json\/wp\/v2\/pages"}],"about":[{"href":"https:\/\/maxxing.com\/es\/wp-json\/wp\/v2\/types\/page"}],"author":[{"embeddable":true,"href":"https:\/\/maxxing.com\/es\/wp-json\/wp\/v2\/users\/1"}],"replies":[{"embeddable":true,"href":"https:\/\/maxxing.com\/es\/wp-json\/wp\/v2\/comments?post=1533"}],"version-history":[{"count":4,"href":"https:\/\/maxxing.com\/es\/wp-json\/wp\/v2\/pages\/1533\/revisions"}],"predecessor-version":[{"id":3814,"href":"https:\/\/maxxing.com\/es\/wp-json\/wp\/v2\/pages\/1533\/revisions\/3814"}],"wp:attachment":[{"href":"https:\/\/maxxing.com\/es\/wp-json\/wp\/v2\/media?parent=1533"}],"curies":[{"name":"wp","href":"https:\/\/api.w.org\/{rel}","templated":true}]}}