{"id":1539,"date":"2023-09-12T10:22:03","date_gmt":"2023-09-12T10:22:03","guid":{"rendered":"https:\/\/maxxing.prod.libeo.fr\/presentation\/"},"modified":"2024-08-23T12:02:11","modified_gmt":"2024-08-23T12:02:11","slug":"presentation","status":"publish","type":"page","link":"https:\/\/maxxing.com\/es\/presentation\/","title":{"rendered":"Presentaci\u00f3n"},"content":{"rendered":"","protected":false},"excerpt":{"rendered":"","protected":false},"author":1,"featured_media":610,"parent":0,"menu_order":0,"comment_status":"closed","ping_status":"closed","template":"","meta":{"_acf_changed":false,"footnotes":""},"class_list":["post-1539","page","type-page","status-publish","has-post-thumbnail","hentry"],"acf":[],"yoast_head":"<!-- This site is optimized with the Yoast SEO plugin v27.4 - https:\/\/yoast.com\/product\/yoast-seo-wordpress\/ -->\n<title>Historia, valores y compromisos - Presentaci\u00f3n Maxxing<\/title>\n<meta name=\"description\" content=\"Sum\u00e9rgete en la historia de Maxxing, descubre nuestros valores y compromisos que gu\u00edan nuestra misi\u00f3n: brindar una experiencia de cliente excepcional y personalizada.\" \/>\n<meta name=\"robots\" content=\"index, follow, max-snippet:-1, max-image-preview:large, max-video-preview:-1\" \/>\n<link rel=\"canonical\" href=\"https:\/\/maxxing.com\/es\/presentation\/\" \/>\n<meta property=\"og:locale\" content=\"es_ES\" \/>\n<meta property=\"og:type\" content=\"article\" \/>\n<meta property=\"og:title\" content=\"Historia, valores y compromisos - Presentaci\u00f3n Maxxing\" \/>\n<meta property=\"og:description\" content=\"Sum\u00e9rgete en la historia de Maxxing, descubre nuestros valores y compromisos que gu\u00edan nuestra misi\u00f3n: brindar una experiencia de cliente excepcional y personalizada.\" \/>\n<meta property=\"og:url\" content=\"https:\/\/maxxing.com\/es\/presentation\/\" \/>\n<meta property=\"og:site_name\" content=\"Maxxing\" \/>\n<meta property=\"article:modified_time\" content=\"2024-08-23T12:02:11+00:00\" \/>\n<meta property=\"og:image\" content=\"https:\/\/maxxing.com\/app\/uploads\/2023\/09\/banner-presentation.jpg\" \/>\n\t<meta property=\"og:image:width\" content=\"1800\" \/>\n\t<meta property=\"og:image:height\" content=\"557\" \/>\n\t<meta property=\"og:image:type\" content=\"image\/jpeg\" \/>\n<meta name=\"twitter:card\" content=\"summary_large_image\" \/>\n<script type=\"application\/ld+json\" class=\"yoast-schema-graph\">{\"@context\":\"https:\\\/\\\/schema.org\",\"@graph\":[{\"@type\":\"WebPage\",\"@id\":\"https:\\\/\\\/maxxing.com\\\/es\\\/presentation\\\/\",\"url\":\"https:\\\/\\\/maxxing.com\\\/es\\\/presentation\\\/\",\"name\":\"Historia, valores y compromisos - Presentaci\u00f3n Maxxing\",\"isPartOf\":{\"@id\":\"https:\\\/\\\/maxxing.com\\\/es\\\/#website\"},\"primaryImageOfPage\":{\"@id\":\"https:\\\/\\\/maxxing.com\\\/es\\\/presentation\\\/#primaryimage\"},\"image\":{\"@id\":\"https:\\\/\\\/maxxing.com\\\/es\\\/presentation\\\/#primaryimage\"},\"thumbnailUrl\":\"https:\\\/\\\/maxxing.com\\\/app\\\/uploads\\\/2023\\\/09\\\/banner-presentation.jpg\",\"datePublished\":\"2023-09-12T10:22:03+00:00\",\"dateModified\":\"2024-08-23T12:02:11+00:00\",\"description\":\"Sum\u00e9rgete en la historia de Maxxing, descubre nuestros valores y compromisos que gu\u00edan nuestra misi\u00f3n: brindar una experiencia de cliente excepcional y personalizada.\",\"breadcrumb\":{\"@id\":\"https:\\\/\\\/maxxing.com\\\/es\\\/presentation\\\/#breadcrumb\"},\"inLanguage\":\"es-ES\",\"potentialAction\":[{\"@type\":\"ReadAction\",\"target\":[\"https:\\\/\\\/maxxing.com\\\/es\\\/presentation\\\/\"]}]},{\"@type\":\"ImageObject\",\"inLanguage\":\"es-ES\",\"@id\":\"https:\\\/\\\/maxxing.com\\\/es\\\/presentation\\\/#primaryimage\",\"url\":\"https:\\\/\\\/maxxing.com\\\/app\\\/uploads\\\/2023\\\/09\\\/banner-presentation.jpg\",\"contentUrl\":\"https:\\\/\\\/maxxing.com\\\/app\\\/uploads\\\/2023\\\/09\\\/banner-presentation.jpg\",\"width\":1800,\"height\":557},{\"@type\":\"BreadcrumbList\",\"@id\":\"https:\\\/\\\/maxxing.com\\\/es\\\/presentation\\\/#breadcrumb\",\"itemListElement\":[{\"@type\":\"ListItem\",\"position\":1,\"name\":\"Inicio\",\"item\":\"https:\\\/\\\/maxxing.com\\\/es\\\/\"},{\"@type\":\"ListItem\",\"position\":2,\"name\":\"Presentaci\u00f3n\"}]},{\"@type\":\"WebSite\",\"@id\":\"https:\\\/\\\/maxxing.com\\\/es\\\/#website\",\"url\":\"https:\\\/\\\/maxxing.com\\\/es\\\/\",\"name\":\"Maxxing\",\"description\":\"\",\"publisher\":{\"@id\":\"https:\\\/\\\/maxxing.com\\\/es\\\/#organization\"},\"potentialAction\":[{\"@type\":\"SearchAction\",\"target\":{\"@type\":\"EntryPoint\",\"urlTemplate\":\"https:\\\/\\\/maxxing.com\\\/es\\\/?s={search_term_string}\"},\"query-input\":{\"@type\":\"PropertyValueSpecification\",\"valueRequired\":true,\"valueName\":\"search_term_string\"}}],\"inLanguage\":\"es-ES\"},{\"@type\":\"Organization\",\"@id\":\"https:\\\/\\\/maxxing.com\\\/es\\\/#organization\",\"name\":\"Maxxing\",\"url\":\"https:\\\/\\\/maxxing.com\\\/es\\\/\",\"logo\":{\"@type\":\"ImageObject\",\"inLanguage\":\"es-ES\",\"@id\":\"https:\\\/\\\/maxxing.com\\\/es\\\/#\\\/schema\\\/logo\\\/image\\\/\",\"url\":\"https:\\\/\\\/maxxing.com\\\/app\\\/uploads\\\/2023\\\/10\\\/Logo_Maxxing-1.svg\",\"contentUrl\":\"https:\\\/\\\/maxxing.com\\\/app\\\/uploads\\\/2023\\\/10\\\/Logo_Maxxing-1.svg\",\"caption\":\"Maxxing\"},\"image\":{\"@id\":\"https:\\\/\\\/maxxing.com\\\/es\\\/#\\\/schema\\\/logo\\\/image\\\/\"}}]}<\/script>\n<!-- \/ Yoast SEO plugin. -->","yoast_head_json":{"title":"Historia, valores y compromisos - Presentaci\u00f3n Maxxing","description":"Sum\u00e9rgete en la historia de Maxxing, descubre nuestros valores y compromisos que gu\u00edan nuestra misi\u00f3n: brindar una experiencia de cliente excepcional y personalizada.","robots":{"index":"index","follow":"follow","max-snippet":"max-snippet:-1","max-image-preview":"max-image-preview:large","max-video-preview":"max-video-preview:-1"},"canonical":"https:\/\/maxxing.com\/es\/presentation\/","og_locale":"es_ES","og_type":"article","og_title":"Historia, valores y compromisos - Presentaci\u00f3n Maxxing","og_description":"Sum\u00e9rgete en la historia de Maxxing, descubre nuestros valores y compromisos que gu\u00edan nuestra misi\u00f3n: brindar una experiencia de cliente excepcional y personalizada.","og_url":"https:\/\/maxxing.com\/es\/presentation\/","og_site_name":"Maxxing","article_modified_time":"2024-08-23T12:02:11+00:00","og_image":[{"width":1800,"height":557,"url":"https:\/\/maxxing.com\/app\/uploads\/2023\/09\/banner-presentation.jpg","type":"image\/jpeg"}],"twitter_card":"summary_large_image","schema":{"@context":"https:\/\/schema.org","@graph":[{"@type":"WebPage","@id":"https:\/\/maxxing.com\/es\/presentation\/","url":"https:\/\/maxxing.com\/es\/presentation\/","name":"Historia, valores y compromisos - Presentaci\u00f3n Maxxing","isPartOf":{"@id":"https:\/\/maxxing.com\/es\/#website"},"primaryImageOfPage":{"@id":"https:\/\/maxxing.com\/es\/presentation\/#primaryimage"},"image":{"@id":"https:\/\/maxxing.com\/es\/presentation\/#primaryimage"},"thumbnailUrl":"https:\/\/maxxing.com\/app\/uploads\/2023\/09\/banner-presentation.jpg","datePublished":"2023-09-12T10:22:03+00:00","dateModified":"2024-08-23T12:02:11+00:00","description":"Sum\u00e9rgete en la historia de Maxxing, descubre nuestros valores y compromisos que gu\u00edan nuestra misi\u00f3n: brindar una experiencia de cliente excepcional y personalizada.","breadcrumb":{"@id":"https:\/\/maxxing.com\/es\/presentation\/#breadcrumb"},"inLanguage":"es-ES","potentialAction":[{"@type":"ReadAction","target":["https:\/\/maxxing.com\/es\/presentation\/"]}]},{"@type":"ImageObject","inLanguage":"es-ES","@id":"https:\/\/maxxing.com\/es\/presentation\/#primaryimage","url":"https:\/\/maxxing.com\/app\/uploads\/2023\/09\/banner-presentation.jpg","contentUrl":"https:\/\/maxxing.com\/app\/uploads\/2023\/09\/banner-presentation.jpg","width":1800,"height":557},{"@type":"BreadcrumbList","@id":"https:\/\/maxxing.com\/es\/presentation\/#breadcrumb","itemListElement":[{"@type":"ListItem","position":1,"name":"Inicio","item":"https:\/\/maxxing.com\/es\/"},{"@type":"ListItem","position":2,"name":"Presentaci\u00f3n"}]},{"@type":"WebSite","@id":"https:\/\/maxxing.com\/es\/#website","url":"https:\/\/maxxing.com\/es\/","name":"Maxxing","description":"","publisher":{"@id":"https:\/\/maxxing.com\/es\/#organization"},"potentialAction":[{"@type":"SearchAction","target":{"@type":"EntryPoint","urlTemplate":"https:\/\/maxxing.com\/es\/?s={search_term_string}"},"query-input":{"@type":"PropertyValueSpecification","valueRequired":true,"valueName":"search_term_string"}}],"inLanguage":"es-ES"},{"@type":"Organization","@id":"https:\/\/maxxing.com\/es\/#organization","name":"Maxxing","url":"https:\/\/maxxing.com\/es\/","logo":{"@type":"ImageObject","inLanguage":"es-ES","@id":"https:\/\/maxxing.com\/es\/#\/schema\/logo\/image\/","url":"https:\/\/maxxing.com\/app\/uploads\/2023\/10\/Logo_Maxxing-1.svg","contentUrl":"https:\/\/maxxing.com\/app\/uploads\/2023\/10\/Logo_Maxxing-1.svg","caption":"Maxxing"},"image":{"@id":"https:\/\/maxxing.com\/es\/#\/schema\/logo\/image\/"}}]}},"_links":{"self":[{"href":"https:\/\/maxxing.com\/es\/wp-json\/wp\/v2\/pages\/1539","targetHints":{"allow":["GET"]}}],"collection":[{"href":"https:\/\/maxxing.com\/es\/wp-json\/wp\/v2\/pages"}],"about":[{"href":"https:\/\/maxxing.com\/es\/wp-json\/wp\/v2\/types\/page"}],"author":[{"embeddable":true,"href":"https:\/\/maxxing.com\/es\/wp-json\/wp\/v2\/users\/1"}],"replies":[{"embeddable":true,"href":"https:\/\/maxxing.com\/es\/wp-json\/wp\/v2\/comments?post=1539"}],"version-history":[{"count":4,"href":"https:\/\/maxxing.com\/es\/wp-json\/wp\/v2\/pages\/1539\/revisions"}],"predecessor-version":[{"id":3101,"href":"https:\/\/maxxing.com\/es\/wp-json\/wp\/v2\/pages\/1539\/revisions\/3101"}],"wp:featuredmedia":[{"embeddable":true,"href":"https:\/\/maxxing.com\/es\/wp-json\/wp\/v2\/media\/610"}],"wp:attachment":[{"href":"https:\/\/maxxing.com\/es\/wp-json\/wp\/v2\/media?parent=1539"}],"curies":[{"name":"wp","href":"https:\/\/api.w.org\/{rel}","templated":true}]}}